{"id":1310,"date":"2025-02-25T12:36:12","date_gmt":"2025-02-25T12:36:12","guid":{"rendered":"https:\/\/posterbordengigant.be\/?post_type=product&#038;p=1310"},"modified":"2025-03-20T10:29:31","modified_gmt":"2025-03-20T10:29:31","slug":"kabinetkast","status":"publish","type":"product","link":"https:\/\/posterbordengigant.be\/en\/product\/kabinetkast\/","title":{"rendered":"Cabinet N-CON1023"},"content":{"rendered":"<h3>Mobile cabinet with whiteboard<\/h3>\n<p>The cabinet is a lockable presentation cabinet with two doors. One door is equipped with a flip-over block and the other door is equipped with a whiteboard. The back wall is a whiteboard, as is one of the doors. The cabinet also has a projection screen for a beamer. The base consists of four wheels, two of which have brakes. This makes the cabinet mobile.<\/p>\n<p>* Prices are exclusive of transport and VAT costs. Calculate your transport costs to location directly via our handy tool!<\/p>","protected":false},"excerpt":{"rendered":"<p>Verrijdbare kabinetkast met whiteboard De kabinetkast is een afsluitbare presentatiekast met twee deuren. E\u00e9n deur is voorzien van een flip over blok en de andere deur is voorzien van een whiteboard. De achterwand is evenals \u00e9\u00e9n van de deuren een whiteboard. De kabinetkast beschikt daarnaast over een projectiescherm voor een beamer. Het onderstel bestaat uit [&hellip;]<\/p>","protected":false},"featured_media":1311,"comment_status":"open","ping_status":"closed","template":"","meta":[],"product_brand":[],"product_cat":[25],"product_tag":[],"class_list":{"0":"post-1310","1":"product","2":"type-product","3":"status-publish","4":"has-post-thumbnail","6":"product_cat-congresmagazijn","8":"first","9":"instock","10":"shipping-taxable","11":"purchasable","12":"product-type-simple"},"_links":{"self":[{"href":"https:\/\/posterbordengigant.be\/en\/wp-json\/wp\/v2\/product\/1310","targetHints":{"allow":["GET"]}}],"collection":[{"href":"https:\/\/posterbordengigant.be\/en\/wp-json\/wp\/v2\/product"}],"about":[{"href":"https:\/\/posterbordengigant.be\/en\/wp-json\/wp\/v2\/types\/product"}],"replies":[{"embeddable":true,"href":"https:\/\/posterbordengigant.be\/en\/wp-json\/wp\/v2\/comments?post=1310"}],"wp:featuredmedia":[{"embeddable":true,"href":"https:\/\/posterbordengigant.be\/en\/wp-json\/wp\/v2\/media\/1311"}],"wp:attachment":[{"href":"https:\/\/posterbordengigant.be\/en\/wp-json\/wp\/v2\/media?parent=1310"}],"wp:term":[{"taxonomy":"product_brand","embeddable":true,"href":"https:\/\/posterbordengigant.be\/en\/wp-json\/wp\/v2\/product_brand?post=1310"},{"taxonomy":"product_cat","embeddable":true,"href":"https:\/\/posterbordengigant.be\/en\/wp-json\/wp\/v2\/product_cat?post=1310"},{"taxonomy":"product_tag","embeddable":true,"href":"https:\/\/posterbordengigant.be\/en\/wp-json\/wp\/v2\/product_tag?post=1310"}],"curies":[{"name":"wp","href":"https:\/\/api.w.org\/{rel}","templated":true}]}}